{"id":18679,"date":"2019-07-23T11:32:10","date_gmt":"2019-07-23T10:32:10","guid":{"rendered":"https:\/\/setubalbay.org\/privacy-policy-and-cookies\/"},"modified":"2020-09-07T09:50:46","modified_gmt":"2020-09-07T08:50:46","slug":"privacy-policy-and-cookies","status":"publish","type":"page","link":"https:\/\/setubalbay.org\/en\/privacy-policy-and-cookies\/","title":{"rendered":"Privacy Policy and Cookies"},"content":{"rendered":"<div class=\"wpb-content-wrapper\"><p>[vc_row][vc_column]<div class=\"dt-fancy-separator title-left h1-size style-disabled\" style=\"width: 100%;\"><div class=\"dt-fancy-title\" style=\"color: #8b969b;\"><span class=\"separator-holder separator-left\"><\/span>PRIVACY POLICY AND COOKIES<span class=\"separator-holder separator-right\"><\/span><\/div><\/div>[vc_empty_space height=&#8221;60px&#8221;][vc_column_text]<\/p>\n<h5>PERSONAL DATA PROCESSING POLICY<\/h5>\n<p>The Set\u00fabal Bay Association (SBA) is dedicated to protecting and respecting the privacy of visitors to the portal www.setubalbay.org and the platforms it manages.<br \/>\nAs of May 25 2018, in all Member States of the European Union and pursuant to EU Regulation 2016\/679 of the European Parliament and Council of 27 April 2016 (General Data Protection Regulation &#8211; GDPR), the following Personal Data Processing Policy of the Association shall hereby be made public, by which the Association shall abide in respect of the rules of personal data protection therein.<br \/>\nThe present Policy henceforth establishes the basis on which any personal data obtained or supplied by the respective owner shall be used within this portal and\/or on the platforms managed by the Set\u00fabal Bay Association. The term \u2018personal data\u2019, as given within this Policy, refers to particular information such as the name, email address, physical address, telephone number or any other information which may be used to identify the owner. To navigate the public areas of this portal, no personal information need be supplied.<\/p>\n<h5>CONSENT<\/h5>\n<p>By registering on the platforms managed by the Set\u00fabal Bay Association and\/or supplying any personal data therein, the owner of this data willingly grants explicit consent to the given personal data being made use of according to the purposes and terms described in this Policy, in accordance with the laws and regulations in effect regarding personal data management.<\/p>\n<h5> PROCESSING OF PERSONAL DATA<\/h5>\n<p>The processing of personal data consists of an operation or set of operations automatically or non-automatically implemented upon one or more types of personal data, namely its collection, registration, organisation, elaboration, preservation, adaption, recuperation, consultation, exploitation, publication, dissemination, collation, interconnection, restriction, deletion and\/or destruction.<br \/>\nThe collection of certain personal data is mandatory in order to make available the service and\/or information therein. The Set\u00fabal Bay Association shall hereby notify of this requirement and in the eventuality of non-compliance or the incorrect provision of said data, the Set\u00fabal Bay Association will not be able to provide the service and\/or information as requested. The passing on of incorrect or imprecise data is the entire responsibility of its respective owner.<\/p>\n<h5> THE DATA CONTROLLER<\/h5>\n<p>This portal is the exclusive property of the Set\u00fabal Bay Association, legal person no. 508810060, headquartered in Av. Lu\u00edsa Todi 468 2900-567, Set\u00fabal, henceforth known as the data controller responsible for the processing of personal data obtained or supplied at the portal www.setubalbay.org. For further information contact via the email: <a href=\"mailto:info@setubalbay.org\">info@setubalbay.org<\/a>.<\/p>\n<h5> PURPOSES OF PERSONAL DATA COLLECTION<\/h5>\n<p>Any personal data collected on the portal www.setubalbay.org and\/or the platforms managed by the Set\u00fabal Bay Association are subject to the following uses:<br \/>\n&#8211; Membership Application to the Set\u00fabal Bay Association.<br \/>\nAny personal date may also be used to respond to questions, suggestions or complaints made by the respective owner.<\/p>\n<h5> RIGHTS OF OWNERS OF PERSONAL DATA<\/h5>\n<p>According to the terms and for the purposes of the provisions of Articles 13 to 22 of the GDPR, the Set\u00fabal Bay Association hereby informs that any data in its possession may be consulted, restricted in its use, rectified (due to incorrect, imprecise or incomplete information) by the respective owner, and, in the case of its usage being founded on the principle of consent, the owner furthermore has the right to request the deletion of data, the use of which does not pertain to its lawful usage as specified in article 6.1, lines b) to f) of the GDPR.<br \/>\nThe Set\u00fabal Bay Association furthermore informs that, in the case of processing of data requiring consent, the owner of the data has the right to withdraw consent at any moment. The withdrawal of consent at no point compromises the lawfulness of data processing on the basis of any previously given consent.<br \/>\nThe owner of the aforementioned data has, furthermore, the right to oppose the continuing processing of his or her personal data, the right to be informed, on request, of the purposes of its usage, the types of data involved, the identity of the recipients with whom it has been shared and the length of time the personal data is held, as well as the right to receive any personal data of his or her concern, that may have been supplied, in order to be sent to other entities (the right to data portability).<\/p>\n<h5> SUBCONTRACTORS<\/h5>\n<p>The Set\u00fabal Bay Association may employ subcontractors to maintain, hold and manage its IT systems and equipment, according to the terms permitted by the legislation regulating the processing of personal data, said entities being obliged to keep confidentiality and guarantee the security of the data belonging to users of the portal www.setubalbay.org and the platforms managed by the Set\u00fabal Bay Association, for the purpose of which they have access, being furthermore prohibited from using such data for any other purposes, or personal gain, or incorporation with other data they may have in their possession.<br \/>\nIn all cases, the Set\u00fabal Bay Association shall continue to be responsible for the personal data with which it is entrusted.<\/p>\n<h5> COMMUNICATION AND TRANSFER OF PERSONAL DATA<\/h5>\n<p>Any personal data may be made available to the courts and other competent authorities, in strict compliance with the provisions of the law, namely when deemed necessary for the resolution of legal disputes and for activities related to matters of public safety, defence and state security, and the prevention, investigation or detection of criminal activity.<\/p>\n<h5> PERSONAL DATA RETENTION<\/h5>\n<p>The period of time during which any personal data is kept and safeguarded varies according to the purpose for which said data is being processed.<br \/>\nThe Set\u00fabal Bay Association shall keep hold of any personal data for no longer than the period of time required to comply with the purposes for which it was given, or to fulfil any contractual or legal obligations therein.<br \/>\nThis being the case, or whenever a specific legal stipulation does not exist, any data shall be kept solely for the minimum required period in order to proceed with the purposes which led to its collection or its subsequent usage, according to the terms defined in law.<\/p>\n<h5> COMPLAINTS<\/h5>\n<p>Notwithstanding the option of directly presenting any complaints to the Set\u00fabal Bay Association, via the contacts made available for this very purpose, the data owner may make their complaint directly to the National Data Protection Committee (CNPD), the existing Control Authority in Portugal, by using the contacts made available by this entity for this purpose.<\/p>\n<h5> MINORS<\/h5>\n<p>Minors of 16 years of age and younger should obtain permission from their parents or guardians before accessing the portal or supplying personal data on the portal.<br \/>\nAny responsibility for the identification of content and pages which minors of 16 years of age and younger may access is entirely that of their parents or legal guardians.<\/p>\n<h5> CHANGES TO THIS POLICY<\/h5>\n<p>The Set\u00fabal Bay Association reserves the right, at any time, to make adjustments or changes to the present Personal Data Processing Policy, making known said alterations via the appropriate channels.<br \/>\nIn accordance with: <a href=\"http:\/\/www.turismodeportugal.pt\/pt\/Paginas\/politica-de-privacidade.aspx\" target=\"_blank\" rel=\"noopener noreferrer\">http:\/\/www.turismodeportugal.pt\/pt\/Paginas\/politica-de-privacidade.aspx<\/a>[\/vc_column_text][vc_empty_space height=&#8221;80px&#8221;][\/vc_column][\/vc_row][vc_row type=&#8221;vc_default&#8221; bg_type=&#8221;image&#8221; parallax_style=&#8221;vcpb-default&#8221; bg_image_new=&#8221;id^2598|url^https:\/\/setubalbay.org\/wp-content\/uploads\/2019\/08\/bg-img2.jpg|caption^null|alt^Praia fundo footer|title^Praia fundo footer|description^null&#8221; bg_image_repeat=&#8221;no-repeat&#8221; bg_override=&#8221;ex-full&#8221; el_id=&#8221;contactos&#8221;][vc_column][vc_empty_space height=&#8221;100&#8243;]<div class=\"dt-fancy-separator h1-size style-disabled\" style=\"width: 100%;\"><div class=\"dt-fancy-title\" style=\"color: #ffffff;\"><span class=\"separator-holder separator-left\"><\/span>CONTACT US<span class=\"separator-holder separator-right\"><\/span><\/div><\/div>[vc_empty_space height=&#8221;74&#8243;][vc_row_inner][vc_column_inner width=&#8221;1\/2&#8243;]<div class=\"aio-icon-component    style_1\"><div id=\"Info-box-wrap-4608\" class=\"aio-icon-box default-icon\" style=\"\"  ><div class=\"aio-icon-header\" ><h3 class=\"aio-icon-title ult-responsive\"  data-ultimate-target='#Info-box-wrap-4608 .aio-icon-title'  data-responsive-json-new='{\"font-size\":\"desktop:16px;\",\"line-height\":\"\"}'  style=\"color:#ffffff;\">Address<\/h3><\/div> <!-- header --><div class=\"aio-icon-description ult-responsive\"  data-ultimate-target='#Info-box-wrap-4608 .aio-icon-description'  data-responsive-json-new='{\"font-size\":\"\",\"line-height\":\"\"}'  style=\"color:#ffffff;\">ASSOCIA\u00c7\u00c3O DA BA\u00cdA DE SET\u00daBAL<\/p>\n<p>CASA DA BA\u00cdA<br \/>\nAv. Lu\u00edsa Todi 468<br \/>\n2900-456 Set\u00fabal<br \/>\nPORTUGAL<\/div> <!-- description --><\/div> <!-- aio-icon-box --><\/div> <!-- aio-icon-component --><div class=\"aio-icon-component    style_1\"><div id=\"Info-box-wrap-3426\" class=\"aio-icon-box default-icon\" style=\"\"  ><div class=\"aio-icon-header\" ><h3 class=\"aio-icon-title ult-responsive\"  data-ultimate-target='#Info-box-wrap-3426 .aio-icon-title'  data-responsive-json-new='{\"font-size\":\"desktop:16px;\",\"line-height\":\"\"}'  style=\"color:#ffffff;\">Telephone<\/h3><\/div> <!-- header --><div class=\"aio-icon-description ult-responsive\"  data-ultimate-target='#Info-box-wrap-3426 .aio-icon-description'  data-responsive-json-new='{\"font-size\":\"\",\"line-height\":\"\"}'  style=\"color:#ffffff;\"><a href=\"tel:+351265545010\">+351 265 545 010<\/a><\/div> <!-- description --><\/div> <!-- aio-icon-box --><\/div> <!-- aio-icon-component --><div class=\"aio-icon-component    style_1\"><div id=\"Info-box-wrap-9307\" class=\"aio-icon-box default-icon\" style=\"\"  ><div class=\"aio-icon-header\" ><h3 class=\"aio-icon-title ult-responsive\"  data-ultimate-target='#Info-box-wrap-9307 .aio-icon-title'  data-responsive-json-new='{\"font-size\":\"desktop:16px;\",\"line-height\":\"\"}'  style=\"color:#ffffff;\">Email<\/h3><\/div> <!-- header --><div class=\"aio-icon-description ult-responsive\"  data-ultimate-target='#Info-box-wrap-9307 .aio-icon-description'  data-responsive-json-new='{\"font-size\":\"\",\"line-height\":\"\"}'  style=\"color:#ffffff;\"><a href=\"mailto:info@setubalbay.org\">info@setubalbay.org<\/a><\/div> <!-- description --><\/div> <!-- aio-icon-box --><\/div> <!-- aio-icon-component --><div class=\"  uavc-icons \">\n<a class=\"aio-tooltip 69d6e882ec8ec\" href=\"https:\/\/www.facebook.com\/setubalbayorg\" title=\"Facebook\" target=\"_blank\" rel=\"noopener\"  data-toggle=\"tooltip\" data-placement=\"\" title=\"\"><div class=\"aio-icon advanced \" data-animation=\"\" data-animation-delay=\"03\" style=\"color:#ffffff;border-style:solid;border-color:#ffffff;border-width:2px;width:40px;height:40px;line-height:40px;border-radius:500px;font-size:16px;margin-right:5px;\">\n\t<i class=\"icomoon-free-social-contact-16x16-facebook\"><\/i>\n<\/div><\/a>\n<a class=\"aio-tooltip 69d6e882ec947\" href=\"https:\/\/www.youtube.com\/channel\/UC_5NA85hgrnMdZJuJQ6rQuQ\" title=\"Youtube\" target=\"_blank\" rel=\"noopener\"  data-toggle=\"tooltip\" data-placement=\"\" title=\"\"><div class=\"aio-icon advanced \" data-animation=\"\" data-animation-delay=\"03\" style=\"color:#ffffff;border-style:solid;border-color:#ffffff;border-width:2px;width:40px;height:40px;line-height:40px;border-radius:500px;font-size:16px;margin-right:5px;\">\n\t<i class=\"icomoon-the7-font-youtube\"><\/i>\n<\/div><\/a><\/div>[\/vc_column_inner][vc_column_inner width=&#8221;1\/2&#8243;][vc_gmaps link=&#8221;#E-8_JTNDaWZyYW1lJTIwc3JjJTNEJTIyaHR0cHMlM0ElMkYlMkZ3d3cuZ29vZ2xlLmNvbSUyRm1hcHMlMkZlbWJlZCUzRnBiJTNEJTIxMW0xOCUyMTFtMTIlMjExbTMlMjExZDMxMjEuNDYyNTE5NDYyMDU0JTIxMmQtOC45MDEwMDk2ODQ5NDY4OCUyMTNkMzguNTIzMTA1MTc2NTI1MTQlMjEybTMlMjExZjAlMjEyZjAlMjEzZjAlMjEzbTIlMjExaTEwMjQlMjEyaTc2OCUyMTRmMTMuMSUyMTNtMyUyMTFtMiUyMTFzMHhkMTk0MzBhNmJlODA2MzclMjUzQTB4NzgyM2Y1MDcyYjBlZTJjZCUyMTJzQ2FzYSUyNTIwZGElMjUyMEJhJTI1QzMlMjVBRGElMjUyMFNldCUyNUMzJTI1QkFiYWwlMjE1ZTAlMjEzbTIlMjExc3B0LVBUJTIxMnNwdCUyMTR2MTU4OTIyMDU0MjU2MiUyMTVtMiUyMTFzcHQtUFQlMjEyc3B0JTIyJTIwd2lkdGglM0QlMjIxMDAlMjUlMjIlMjBoZWlnaHQlM0QlMjI0MTYlMjIlMjBmcmFtZWJvcmRlciUzRCUyMjAlMjIlMjBzdHlsZSUzRCUyMmJvcmRlciUzQTAlMjIlMjBhbGxvd2Z1bGxzY3JlZW4lM0UlM0MlMkZpZnJhbWUlM0U=&#8221;][\/vc_column_inner][\/vc_row_inner][vc_empty_space height=&#8221;170&#8243;][\/vc_column][\/vc_row]<\/p>\n<\/div>","protected":false},"excerpt":{"rendered":"<p>[vc_row][vc_column][vc_empty_space height=&#8221;60px&#8221;][vc_column_text] PERSONAL DATA PROCESSING POLICY The Set\u00fabal Bay Association (SBA) is dedicated to protecting and respecting the privacy of visitors to the portal www.setubalbay.org and the platforms it manages. As of May 25 2018, in all Member States of the European Union and pursuant to EU Regulation 2016\/679 of the European Parliament and Council&hellip;<\/p>\n","protected":false},"author":1,"featured_media":0,"parent":0,"menu_order":0,"comment_status":"closed","ping_status":"closed","template":"","meta":{"footnotes":""},"class_list":["post-18679","page","type-page","status-publish","hentry","description-off"],"yoast_head":"<!-- This site is optimized with the Yoast SEO plugin v26.9 - https:\/\/yoast.com\/product\/yoast-seo-wordpress\/ -->\n<title>Privacy Policy and Cookies - Setubal Bay<\/title>\n<meta name=\"robots\" content=\"index, follow, max-snippet:-1, max-image-preview:large, max-video-preview:-1\" \/>\n<link rel=\"canonical\" href=\"https:\/\/setubalbay.org\/en\/privacy-policy-and-cookies\/\" \/>\n<meta property=\"og:locale\" content=\"en_US\" \/>\n<meta property=\"og:type\" content=\"article\" \/>\n<meta property=\"og:title\" content=\"Privacy Policy and Cookies - Setubal Bay\" \/>\n<meta property=\"og:description\" content=\"[vc_row][vc_column][vc_empty_space height=&#8221;60px&#8221;][vc_column_text] PERSONAL DATA PROCESSING POLICY The Set\u00fabal Bay Association (SBA) is dedicated to protecting and respecting the privacy of visitors to the portal www.setubalbay.org and the platforms it manages. As of May 25 2018, in all Member States of the European Union and pursuant to EU Regulation 2016\/679 of the European Parliament and Council&hellip;\" \/>\n<meta property=\"og:url\" content=\"https:\/\/setubalbay.org\/en\/privacy-policy-and-cookies\/\" \/>\n<meta property=\"og:site_name\" content=\"Setubal Bay\" \/>\n<meta property=\"article:publisher\" content=\"https:\/\/www.facebook.com\/setubalbayorg\" \/>\n<meta property=\"article:modified_time\" content=\"2020-09-07T08:50:46+00:00\" \/>\n<meta name=\"twitter:card\" content=\"summary_large_image\" \/>\n<meta name=\"twitter:label1\" content=\"Est. reading time\" \/>\n\t<meta name=\"twitter:data1\" content=\"8 minutes\" \/>\n<script type=\"application\/ld+json\" class=\"yoast-schema-graph\">{\"@context\":\"https:\/\/schema.org\",\"@graph\":[{\"@type\":\"WebPage\",\"@id\":\"https:\/\/setubalbay.org\/en\/privacy-policy-and-cookies\/\",\"url\":\"https:\/\/setubalbay.org\/en\/privacy-policy-and-cookies\/\",\"name\":\"Privacy Policy and Cookies - Setubal Bay\",\"isPartOf\":{\"@id\":\"https:\/\/setubalbay.org\/en\/#website\"},\"datePublished\":\"2019-07-23T10:32:10+00:00\",\"dateModified\":\"2020-09-07T08:50:46+00:00\",\"breadcrumb\":{\"@id\":\"https:\/\/setubalbay.org\/en\/privacy-policy-and-cookies\/#breadcrumb\"},\"inLanguage\":\"en-US\",\"potentialAction\":[{\"@type\":\"ReadAction\",\"target\":[\"https:\/\/setubalbay.org\/en\/privacy-policy-and-cookies\/\"]}]},{\"@type\":\"BreadcrumbList\",\"@id\":\"https:\/\/setubalbay.org\/en\/privacy-policy-and-cookies\/#breadcrumb\",\"itemListElement\":[{\"@type\":\"ListItem\",\"position\":1,\"name\":\"In\u00edcio\",\"item\":\"https:\/\/setubalbay.org\/en\/\"},{\"@type\":\"ListItem\",\"position\":2,\"name\":\"Privacy Policy and Cookies\"}]},{\"@type\":\"WebSite\",\"@id\":\"https:\/\/setubalbay.org\/en\/#website\",\"url\":\"https:\/\/setubalbay.org\/en\/\",\"name\":\"Setubal Bay\",\"description\":\"The Most Beautiful Bays in the World\",\"publisher\":{\"@id\":\"https:\/\/setubalbay.org\/en\/#organization\"},\"potentialAction\":[{\"@type\":\"SearchAction\",\"target\":{\"@type\":\"EntryPoint\",\"urlTemplate\":\"https:\/\/setubalbay.org\/en\/?s={search_term_string}\"},\"query-input\":{\"@type\":\"PropertyValueSpecification\",\"valueRequired\":true,\"valueName\":\"search_term_string\"}}],\"inLanguage\":\"en-US\"},{\"@type\":\"Organization\",\"@id\":\"https:\/\/setubalbay.org\/en\/#organization\",\"name\":\"Set\u00fabal Bay\",\"url\":\"https:\/\/setubalbay.org\/en\/\",\"logo\":{\"@type\":\"ImageObject\",\"inLanguage\":\"en-US\",\"@id\":\"https:\/\/setubalbay.org\/en\/#\/schema\/logo\/image\/\",\"url\":\"https:\/\/setubalbay.org\/wp-content\/uploads\/2020\/05\/logo_setubalbay.png\",\"contentUrl\":\"https:\/\/setubalbay.org\/wp-content\/uploads\/2020\/05\/logo_setubalbay.png\",\"width\":252,\"height\":255,\"caption\":\"Set\u00fabal Bay\"},\"image\":{\"@id\":\"https:\/\/setubalbay.org\/en\/#\/schema\/logo\/image\/\"},\"sameAs\":[\"https:\/\/www.facebook.com\/setubalbayorg\",\"https:\/\/www.youtube.com\/channel\/UC_5NA85hgrnMdZJuJQ6rQuQ\"]}]}<\/script>\n<!-- \/ Yoast SEO plugin. -->","yoast_head_json":{"title":"Privacy Policy and Cookies - Setubal Bay","robots":{"index":"index","follow":"follow","max-snippet":"max-snippet:-1","max-image-preview":"max-image-preview:large","max-video-preview":"max-video-preview:-1"},"canonical":"https:\/\/setubalbay.org\/en\/privacy-policy-and-cookies\/","og_locale":"en_US","og_type":"article","og_title":"Privacy Policy and Cookies - Setubal Bay","og_description":"[vc_row][vc_column][vc_empty_space height=&#8221;60px&#8221;][vc_column_text] PERSONAL DATA PROCESSING POLICY The Set\u00fabal Bay Association (SBA) is dedicated to protecting and respecting the privacy of visitors to the portal www.setubalbay.org and the platforms it manages. As of May 25 2018, in all Member States of the European Union and pursuant to EU Regulation 2016\/679 of the European Parliament and Council&hellip;","og_url":"https:\/\/setubalbay.org\/en\/privacy-policy-and-cookies\/","og_site_name":"Setubal Bay","article_publisher":"https:\/\/www.facebook.com\/setubalbayorg","article_modified_time":"2020-09-07T08:50:46+00:00","twitter_card":"summary_large_image","twitter_misc":{"Est. reading time":"8 minutes"},"schema":{"@context":"https:\/\/schema.org","@graph":[{"@type":"WebPage","@id":"https:\/\/setubalbay.org\/en\/privacy-policy-and-cookies\/","url":"https:\/\/setubalbay.org\/en\/privacy-policy-and-cookies\/","name":"Privacy Policy and Cookies - Setubal Bay","isPartOf":{"@id":"https:\/\/setubalbay.org\/en\/#website"},"datePublished":"2019-07-23T10:32:10+00:00","dateModified":"2020-09-07T08:50:46+00:00","breadcrumb":{"@id":"https:\/\/setubalbay.org\/en\/privacy-policy-and-cookies\/#breadcrumb"},"inLanguage":"en-US","potentialAction":[{"@type":"ReadAction","target":["https:\/\/setubalbay.org\/en\/privacy-policy-and-cookies\/"]}]},{"@type":"BreadcrumbList","@id":"https:\/\/setubalbay.org\/en\/privacy-policy-and-cookies\/#breadcrumb","itemListElement":[{"@type":"ListItem","position":1,"name":"In\u00edcio","item":"https:\/\/setubalbay.org\/en\/"},{"@type":"ListItem","position":2,"name":"Privacy Policy and Cookies"}]},{"@type":"WebSite","@id":"https:\/\/setubalbay.org\/en\/#website","url":"https:\/\/setubalbay.org\/en\/","name":"Setubal Bay","description":"The Most Beautiful Bays in the World","publisher":{"@id":"https:\/\/setubalbay.org\/en\/#organization"},"potentialAction":[{"@type":"SearchAction","target":{"@type":"EntryPoint","urlTemplate":"https:\/\/setubalbay.org\/en\/?s={search_term_string}"},"query-input":{"@type":"PropertyValueSpecification","valueRequired":true,"valueName":"search_term_string"}}],"inLanguage":"en-US"},{"@type":"Organization","@id":"https:\/\/setubalbay.org\/en\/#organization","name":"Set\u00fabal Bay","url":"https:\/\/setubalbay.org\/en\/","logo":{"@type":"ImageObject","inLanguage":"en-US","@id":"https:\/\/setubalbay.org\/en\/#\/schema\/logo\/image\/","url":"https:\/\/setubalbay.org\/wp-content\/uploads\/2020\/05\/logo_setubalbay.png","contentUrl":"https:\/\/setubalbay.org\/wp-content\/uploads\/2020\/05\/logo_setubalbay.png","width":252,"height":255,"caption":"Set\u00fabal Bay"},"image":{"@id":"https:\/\/setubalbay.org\/en\/#\/schema\/logo\/image\/"},"sameAs":["https:\/\/www.facebook.com\/setubalbayorg","https:\/\/www.youtube.com\/channel\/UC_5NA85hgrnMdZJuJQ6rQuQ"]}]}},"_links":{"self":[{"href":"https:\/\/setubalbay.org\/en\/wp-json\/wp\/v2\/pages\/18679","targetHints":{"allow":["GET"]}}],"collection":[{"href":"https:\/\/setubalbay.org\/en\/wp-json\/wp\/v2\/pages"}],"about":[{"href":"https:\/\/setubalbay.org\/en\/wp-json\/wp\/v2\/types\/page"}],"author":[{"embeddable":true,"href":"https:\/\/setubalbay.org\/en\/wp-json\/wp\/v2\/users\/1"}],"replies":[{"embeddable":true,"href":"https:\/\/setubalbay.org\/en\/wp-json\/wp\/v2\/comments?post=18679"}],"version-history":[{"count":0,"href":"https:\/\/setubalbay.org\/en\/wp-json\/wp\/v2\/pages\/18679\/revisions"}],"wp:attachment":[{"href":"https:\/\/setubalbay.org\/en\/wp-json\/wp\/v2\/media?parent=18679"}],"curies":[{"name":"wp","href":"https:\/\/api.w.org\/{rel}","templated":true}]}}